{"id":14814,"date":"2023-10-03T12:03:41","date_gmt":"2023-10-03T11:03:41","guid":{"rendered":"https:\/\/admit-one.co.uk\/?page_id=14814"},"modified":"2024-02-22T16:30:26","modified_gmt":"2024-02-22T16:30:26","slug":"solutions","status":"publish","type":"page","link":"https:\/\/admit-one.net\/pt\/solucoes\/","title":{"rendered":"Solu\u00e7\u00f5es"},"content":{"rendered":"<div id=\"wp-block-themeisle-blocks-advanced-columns-f3534b6f\" class=\"wp-block-themeisle-blocks-advanced-columns alignfull has-1-columns has-desktop-twoOne-layout has-tablet-equal-layout has-mobile-collapsedRows-layout has-reverse-columns-mobile has-vertical-unset has-vertical-undefined\"><div class=\"wp-block-themeisle-blocks-advanced-columns-overlay\"><\/div><div class=\"innerblocks-wrap\">\n<div id=\"wp-block-themeisle-blocks-advanced-column-49529f4b\" class=\"wp-block-themeisle-blocks-advanced-column\" data-aos=\"fade\" data-aos-duration=\"1200\">\n<h1 class=\"has-text-align-center\">Solu\u00e7\u00f5es<\/h1>\n\n\n\n<h3 class=\"has-text-align-center\">Fornecendo uma solu\u00e7\u00e3o completa de gerenciamento de cinema e local.<\/h3>\n\n\n\n<p class=\"has-text-align-center\">N\u00e3o importa a sua configura\u00e7\u00e3o, pensamos em tudo. Uma experi\u00eancia perfeita para voc\u00ea, sua equipe e seus clientes.<\/p>\n<\/div>\n<\/div><div class=\"wp-block-themeisle-blocks-advanced-columns-separators bottom\"><svg id=\"slant\" fill=\"var(--nv-light-bg)\" viewbox=\"0 0 100 100\" width=\"100%\" height=\"100\" preserveaspectratio=\"none\" xmlns=\"http:\/\/www.w3.org\/2000\/svg\" class=\"rotate\"><path d=\"M0 0 L0 100 L100 0 Z\"><\/path><\/svg><\/div><\/div>\n\n\n\n<div class=\"is-layout-constrained wp-block-group alignfull panels-overlay\"><div class=\"wp-block-group__inner-container\">\n<section id=\"wp-block-themeisle-blocks-advanced-columns-652f49fc\" class=\"wp-block-themeisle-blocks-advanced-columns alignfull has-1-columns has-desktop-equal-layout has-tablet-equal-layout has-mobile-collapsedRows-layout has-vertical-center\"><div class=\"wp-block-themeisle-blocks-advanced-columns-overlay\"><\/div><div class=\"innerblocks-wrap\">\n<div id=\"wp-block-themeisle-blocks-advanced-column-251adaeb\" class=\"wp-block-themeisle-blocks-advanced-column\" data-aos=\"fade-up\" data-aos-duration=\"1200\">\n<div class=\"is-layout-flex wp-container-4 wp-block-columns are-vertically-aligned-center\">\n<div class=\"is-layout-flow wp-block-column is-vertically-aligned-center\" style=\"flex-basis:66.66%\">\n<h4 class=\"has-text-align-left\">Sal\u00e3o<\/h4>\n\n\n\n<p>Ofere\u00e7a a melhor experi\u00eancia ao cliente com seu pr\u00f3prio lobby automatizado. F\u00e1cil autoatendimento para clientes e ferramentas operacionais intuitivas para a equipe, o Admit One oferece total flexibilidade no layout do local e no gerenciamento de clientes.<\/p>\n\n\n\n<div class=\"is-content-justification-left is-layout-flex wp-container-1 wp-block-buttons\">\n<div class=\"wp-block-button is-style-primary\"><a class=\"wp-block-button__link wp-element-button\" href=\"https:\/\/admit-one.co.uk\/solutions\/lobby\/\">Saber mais<\/a><\/div>\n<\/div>\n<\/div>\n\n\n\n<div class=\"is-layout-flow wp-block-column is-vertically-aligned-center\" style=\"flex-basis:33.33%\"><div class=\"wp-block-image\">\n<figure class=\"alignright size-full\"><img decoding=\"async\" loading=\"lazy\" width=\"400\" height=\"400\" src=\"https:\/\/admit-one.co.uk\/wp-content\/uploads\/2023\/01\/image_lobby_result-1.webp\" alt=\"Sal\u00e3o\" class=\"wp-image-12262\" srcset=\"https:\/\/admit-one.net\/wp-content\/uploads\/2023\/01\/image_lobby_result-1.webp 400w, https:\/\/admit-one.net\/wp-content\/uploads\/2023\/01\/image_lobby_result-1-300x300.webp 300w, https:\/\/admit-one.net\/wp-content\/uploads\/2023\/01\/image_lobby_result-1-150x150.webp 150w, https:\/\/admit-one.net\/wp-content\/uploads\/2023\/01\/image_lobby_result-1-12x12.webp 12w\" sizes=\"(max-width: 400px) 100vw, 400px\" \/><\/figure><\/div><\/div>\n<\/div>\n<\/div>\n<\/div><\/section>\n\n\n\n<section id=\"wp-block-themeisle-blocks-advanced-columns-068b2cbf\" class=\"wp-block-themeisle-blocks-advanced-columns alignfull has-1-columns has-desktop-equal-layout has-tablet-equal-layout has-mobile-collapsedRows-layout has-vertical-center\"><div class=\"wp-block-themeisle-blocks-advanced-columns-overlay\"><\/div><div class=\"innerblocks-wrap\">\n<div id=\"wp-block-themeisle-blocks-advanced-column-184587c7\" class=\"wp-block-themeisle-blocks-advanced-column\" data-aos=\"fade-up\" data-aos-duration=\"1200\">\n<div class=\"is-layout-flex wp-container-8 wp-block-columns are-vertically-aligned-center\">\n<div class=\"is-layout-flow wp-block-column is-vertically-aligned-center\" style=\"flex-basis:66.66%\">\n<h4 class=\"has-text-align-left\">F&amp;B<\/h4>\n\n\n\n<p>Nossos sistemas de alimentos e bebidas totalmente integrados e repletos de recursos foram projetados para oferecer controle total, criando uma experi\u00eancia simplificada para sua equipe e oferecendo um servi\u00e7o excepcional a seus clientes.<\/p>\n\n\n\n<div class=\"is-content-justification-left is-layout-flex wp-container-5 wp-block-buttons\">\n<div class=\"wp-block-button is-style-primary\"><a class=\"wp-block-button__link wp-element-button\" href=\"https:\/\/admit-one.co.uk\/solutions\/food-and-beverage\/\">Saber mais<\/a><\/div>\n<\/div>\n<\/div>\n\n\n\n<div class=\"is-layout-flow wp-block-column is-vertically-aligned-center\" style=\"flex-basis:33.33%\"><div class=\"wp-block-image\">\n<figure class=\"alignright size-full\"><img decoding=\"async\" loading=\"lazy\" width=\"400\" height=\"400\" src=\"https:\/\/admit-one.co.uk\/wp-content\/uploads\/2023\/01\/image_f-and-b_result.webp\" alt=\"F&amp;B\" class=\"wp-image-12260\" srcset=\"https:\/\/admit-one.net\/wp-content\/uploads\/2023\/01\/image_f-and-b_result.webp 400w, https:\/\/admit-one.net\/wp-content\/uploads\/2023\/01\/image_f-and-b_result-300x300.webp 300w, https:\/\/admit-one.net\/wp-content\/uploads\/2023\/01\/image_f-and-b_result-150x150.webp 150w, https:\/\/admit-one.net\/wp-content\/uploads\/2023\/01\/image_f-and-b_result-12x12.webp 12w\" sizes=\"(max-width: 400px) 100vw, 400px\" \/><\/figure><\/div><\/div>\n<\/div>\n<\/div>\n<\/div><\/section>\n\n\n\n<section id=\"wp-block-themeisle-blocks-advanced-columns-ae98e288\" class=\"wp-block-themeisle-blocks-advanced-columns alignfull has-1-columns has-desktop-equal-layout has-tablet-equal-layout has-mobile-collapsedRows-layout has-vertical-center\"><div class=\"wp-block-themeisle-blocks-advanced-columns-overlay\"><\/div><div class=\"innerblocks-wrap\">\n<div id=\"wp-block-themeisle-blocks-advanced-column-c3813963\" class=\"wp-block-themeisle-blocks-advanced-column\" data-aos=\"fade-up\" data-aos-duration=\"1200\">\n<div class=\"is-layout-flex wp-container-12 wp-block-columns are-vertically-aligned-center\">\n<div class=\"is-layout-flow wp-block-column is-vertically-aligned-center\" style=\"flex-basis:66.66%\">\n<h4 class=\"has-text-align-left\">Vendas Digitais<\/h4>\n\n\n\n<p>Tudo o que voc\u00ea precisa para garantir que seus clientes possam navegar e comprar ingressos e extras com facilidade, quando quiserem e em todos os canais digitais. O Admit One permite que voc\u00ea maximize as vendas externas antecipadas enquanto oferece uma experi\u00eancia consistente e perfeita em todas as rotas de compra. &nbsp;<\/p>\n\n\n\n<div class=\"is-content-justification-left is-layout-flex wp-container-9 wp-block-buttons\">\n<div class=\"wp-block-button is-style-primary\"><a class=\"wp-block-button__link wp-element-button\" href=\"https:\/\/admit-one.co.uk\/solutions\/digital-sales\/\">Saber mais<\/a><\/div>\n<\/div>\n<\/div>\n\n\n\n<div class=\"is-layout-flow wp-block-column is-vertically-aligned-center\" style=\"flex-basis:33.33%\"><div class=\"wp-block-image\">\n<figure class=\"alignright size-full\"><img decoding=\"async\" loading=\"lazy\" width=\"400\" height=\"400\" src=\"https:\/\/admit-one.co.uk\/wp-content\/uploads\/2023\/01\/image_advanced-sales_result-1.webp\" alt=\"Vendas Digitais\" class=\"wp-image-12259\" srcset=\"https:\/\/admit-one.net\/wp-content\/uploads\/2023\/01\/image_advanced-sales_result-1.webp 400w, https:\/\/admit-one.net\/wp-content\/uploads\/2023\/01\/image_advanced-sales_result-1-300x300.webp 300w, https:\/\/admit-one.net\/wp-content\/uploads\/2023\/01\/image_advanced-sales_result-1-150x150.webp 150w, https:\/\/admit-one.net\/wp-content\/uploads\/2023\/01\/image_advanced-sales_result-1-12x12.webp 12w\" sizes=\"(max-width: 400px) 100vw, 400px\" \/><\/figure><\/div><\/div>\n<\/div>\n<\/div>\n<\/div><\/section>\n\n\n\n<section id=\"wp-block-themeisle-blocks-advanced-columns-67688d0d\" class=\"wp-block-themeisle-blocks-advanced-columns alignfull has-1-columns has-desktop-equal-layout has-tablet-equal-layout has-mobile-collapsedRows-layout has-vertical-center\"><div class=\"wp-block-themeisle-blocks-advanced-columns-overlay\"><\/div><div class=\"innerblocks-wrap\">\n<div id=\"wp-block-themeisle-blocks-advanced-column-b50fd76d\" class=\"wp-block-themeisle-blocks-advanced-column\" data-aos=\"fade-up\" data-aos-duration=\"1200\">\n<div class=\"is-layout-flex wp-container-16 wp-block-columns are-vertically-aligned-center\">\n<div class=\"is-layout-flow wp-block-column is-vertically-aligned-center\" style=\"flex-basis:66.66%\">\n<h4 class=\"has-text-align-left\">Back Office<\/h4>\n\n\n\n<p>Seu sistema de gerenciamento central permitindo que voc\u00ea configure e visualize todos os seus sites em um aplicativo f\u00e1cil de usar. Agende apresenta\u00e7\u00f5es, gerencie estoque, gere relat\u00f3rios, configure ingressos, gerencie esquemas de associa\u00e7\u00e3o, cart\u00f5es-presente, vouchers e muito mais... enquanto se comunica sem esfor\u00e7o com seus funcion\u00e1rios.&nbsp;<\/p>\n\n\n\n<div class=\"is-content-justification-left is-layout-flex wp-container-13 wp-block-buttons\">\n<div class=\"wp-block-button is-style-primary\"><a class=\"wp-block-button__link wp-element-button\" href=\"https:\/\/admit-one.co.uk\/solutions\/back-office\/\">Saber mais<\/a><\/div>\n<\/div>\n<\/div>\n\n\n\n<div class=\"is-layout-flow wp-block-column is-vertically-aligned-center\" style=\"flex-basis:33.33%\"><div class=\"wp-block-image\">\n<figure class=\"alignright size-full\"><img decoding=\"async\" loading=\"lazy\" width=\"400\" height=\"400\" src=\"https:\/\/admit-one.co.uk\/wp-content\/uploads\/2023\/01\/image_local-and-ho_result.webp\" alt=\"Back Office\" class=\"wp-image-12263\" srcset=\"https:\/\/admit-one.net\/wp-content\/uploads\/2023\/01\/image_local-and-ho_result.webp 400w, https:\/\/admit-one.net\/wp-content\/uploads\/2023\/01\/image_local-and-ho_result-300x300.webp 300w, https:\/\/admit-one.net\/wp-content\/uploads\/2023\/01\/image_local-and-ho_result-150x150.webp 150w, https:\/\/admit-one.net\/wp-content\/uploads\/2023\/01\/image_local-and-ho_result-12x12.webp 12w\" sizes=\"(max-width: 400px) 100vw, 400px\" \/><\/figure><\/div><\/div>\n<\/div>\n<\/div>\n<\/div><\/section>\n\n\n\n<section id=\"wp-block-themeisle-blocks-advanced-columns-b6d42189\" class=\"wp-block-themeisle-blocks-advanced-columns alignfull has-1-columns has-desktop-equal-layout has-tablet-equal-layout has-mobile-collapsedRows-layout has-vertical-center\"><div class=\"wp-block-themeisle-blocks-advanced-columns-overlay\"><\/div><div class=\"innerblocks-wrap\">\n<div id=\"wp-block-themeisle-blocks-advanced-column-a4456cd7\" class=\"wp-block-themeisle-blocks-advanced-column\" data-aos=\"fade-up\" data-aos-duration=\"1200\">\n<div class=\"is-layout-flex wp-container-20 wp-block-columns are-vertically-aligned-center\">\n<div class=\"is-layout-flow wp-block-column is-vertically-aligned-center\" style=\"flex-basis:66.66%\">\n<h4 class=\"has-text-align-left\">Experi\u00eancia do H\u00f3spede<\/h4>\n\n\n\n<p>Mantenha seus clientes retornando com programas de recompensa personaliz\u00e1veis e incentivos personalizados, projetados para expandir seus neg\u00f3cios e encantar seus clientes.<\/p>\n\n\n\n<div class=\"is-content-justification-left is-layout-flex wp-container-17 wp-block-buttons\">\n<div class=\"wp-block-button is-style-primary\"><a class=\"wp-block-button__link wp-element-button\" href=\"https:\/\/admit-one.co.uk\/solutions\/guest-experience\/\">Saber mais<\/a><\/div>\n<\/div>\n<\/div>\n\n\n\n<div class=\"is-layout-flow wp-block-column is-vertically-aligned-center\" style=\"flex-basis:33.33%\"><div class=\"wp-block-image\">\n<figure class=\"alignright size-full\"><img decoding=\"async\" loading=\"lazy\" width=\"400\" height=\"400\" src=\"https:\/\/admit-one.co.uk\/wp-content\/uploads\/2023\/01\/image_guest-experience_result-1.webp\" alt=\"Experi\u00eancia do H\u00f3spede\" class=\"wp-image-12261\" srcset=\"https:\/\/admit-one.net\/wp-content\/uploads\/2023\/01\/image_guest-experience_result-1.webp 400w, https:\/\/admit-one.net\/wp-content\/uploads\/2023\/01\/image_guest-experience_result-1-300x300.webp 300w, https:\/\/admit-one.net\/wp-content\/uploads\/2023\/01\/image_guest-experience_result-1-150x150.webp 150w, https:\/\/admit-one.net\/wp-content\/uploads\/2023\/01\/image_guest-experience_result-1-12x12.webp 12w\" sizes=\"(max-width: 400px) 100vw, 400px\" \/><\/figure><\/div><\/div>\n<\/div>\n<\/div>\n<\/div><\/section>\n<\/div><\/div>\n\n\n\n<div id=\"wp-block-themeisle-blocks-advanced-columns-01c14de9\" class=\"wp-block-themeisle-blocks-advanced-columns alignfull has-2-columns has-desktop-equal-layout has-tablet-collapsedRows-layout has-mobile-collapsedRows-layout has-vertical-unset call-to-action has-dark-bg\" data-aos=\"fade\" data-aos-duration=\"1200\"><div class=\"wp-block-themeisle-blocks-advanced-columns-overlay\"><\/div><div class=\"innerblocks-wrap\">\n<div id=\"wp-block-themeisle-blocks-advanced-column-aed9b021\" class=\"wp-block-themeisle-blocks-advanced-column\">\n<h2 class=\"wp-block-heading has-nv-site-bg-color has-text-color\">Pronto para come\u00e7ar com o Admit One?<\/h2>\n\n\n\n<p class=\"has-nv-site-bg-color has-text-color\">Vamos come\u00e7ar&nbsp;<i class=\"icon-forward\"><\/i><\/p>\n<\/div>\n\n\n\n<div id=\"wp-block-themeisle-blocks-advanced-column-01e8791e\" class=\"wp-block-themeisle-blocks-advanced-column column-right\">\n<h4 class=\"wp-block-heading has-neve-text-color-color has-text-color\">Ajude-nos a entender suas necessidades<\/h4>\n\n\n\n<p class=\"has-neve-text-color-color has-text-color\">Sabemos que cada neg\u00f3cio \u00e9 diferente. Quaisquer que sejam seus requisitos exclusivos, o Admit One est\u00e1 aqui para oferecer um sistema de PDV personalizado que funcione para voc\u00ea, a cada passo do caminho.<\/p>\n\n\n\n<ul class=\"a1_tick-list has-neve-text-color-color has-text-color\">\n<li>Flex\u00edvel<\/li>\n\n\n\n<li>Pre\u00e7os acess\u00edveis<\/li>\n\n\n\n<li>Escal\u00e1vel<\/li>\n<\/ul>\n\n\n\n<div id=\"wp-block-themeisle-blocks-button-group-5e1b0e52\" class=\"wp-block-themeisle-blocks-button-group wp-block-buttons\">\n<div id=\"wp-block-themeisle-blocks-button-bdaccee1\" class=\"wp-block-themeisle-blocks-button wp-block-button is-style-primary\"><a href=\"https:\/\/admit-one.net\/pt\/entrar-em-contato\/\" target=\"_self\" rel=\"noopener noreferrer\" class=\"wp-block-button__link\"><span>Vamos conversar<\/span><\/a><\/div>\n<\/div>\n<\/div>\n<\/div><\/div>","protected":false},"excerpt":{"rendered":"","protected":false},"author":1,"featured_media":0,"parent":0,"menu_order":0,"comment_status":"closed","ping_status":"closed","template":"","meta":{"om_disable_all_campaigns":false,"_uag_custom_page_level_css":"","_mi_skip_tracking":false,"neve_meta_sidebar":"","neve_meta_container":"","neve_meta_enable_content_width":"","neve_meta_content_width":0,"neve_meta_title_alignment":"center","neve_meta_author_avatar":"","neve_post_elements_order":"","neve_meta_disable_header":"","neve_meta_disable_footer":"","neve_meta_disable_title":"on","neve_meta_reading_time":"","_themeisle_gutenberg_block_has_review":false},"categories":[],"tags":[],"folder":[],"aioseo_notices":[],"uagb_featured_image_src":{"full":false,"thumbnail":false,"medium":false,"medium_large":false,"large":false,"1536x1536":false,"2048x2048":false,"trp-custom-language-flag":false,"neve-blog":false,"xl":false,"xxl":false,"xxxl":false,"xxxxl":false,"xxxxxl":false},"uagb_author_info":{"display_name":"James Gibson","author_link":"https:\/\/admit-one.net\/pt\/blog\/author\/james-gibson\/"},"uagb_comment_info":0,"uagb_excerpt":null,"_links":{"self":[{"href":"https:\/\/admit-one.net\/pt\/wp-json\/wp\/v2\/pages\/14814"}],"collection":[{"href":"https:\/\/admit-one.net\/pt\/wp-json\/wp\/v2\/pages"}],"about":[{"href":"https:\/\/admit-one.net\/pt\/wp-json\/wp\/v2\/types\/page"}],"author":[{"embeddable":true,"href":"https:\/\/admit-one.net\/pt\/wp-json\/wp\/v2\/users\/1"}],"replies":[{"embeddable":true,"href":"https:\/\/admit-one.net\/pt\/wp-json\/wp\/v2\/comments?post=14814"}],"version-history":[{"count":19,"href":"https:\/\/admit-one.net\/pt\/wp-json\/wp\/v2\/pages\/14814\/revisions"}],"predecessor-version":[{"id":15112,"href":"https:\/\/admit-one.net\/pt\/wp-json\/wp\/v2\/pages\/14814\/revisions\/15112"}],"wp:attachment":[{"href":"https:\/\/admit-one.net\/pt\/wp-json\/wp\/v2\/media?parent=14814"}],"wp:term":[{"taxonomy":"category","embeddable":true,"href":"https:\/\/admit-one.net\/pt\/wp-json\/wp\/v2\/categories?post=14814"},{"taxonomy":"post_tag","embeddable":true,"href":"https:\/\/admit-one.net\/pt\/wp-json\/wp\/v2\/tags?post=14814"},{"taxonomy":"folder","embeddable":true,"href":"https:\/\/admit-one.net\/pt\/wp-json\/wp\/v2\/folder?post=14814"}],"curies":[{"name":"wp","href":"https:\/\/api.w.org\/{rel}","templated":true}]}}