{"id":12804,"date":"2023-03-23T09:16:03","date_gmt":"2023-03-23T09:16:03","guid":{"rendered":"https:\/\/admit-one.co.uk\/?page_id=12804"},"modified":"2024-06-17T10:49:58","modified_gmt":"2024-06-17T09:49:58","slug":"cineeurope","status":"publish","type":"page","link":"https:\/\/admit-one.net\/pt\/cinemacon\/","title":{"rendered":"Admit One est\u00e1 no CineEurope 2024"},"content":{"rendered":"<div id=\"wp-block-themeisle-blocks-advanced-columns-f3534b6f\" class=\"wp-block-themeisle-blocks-advanced-columns alignfull has-1-columns has-desktop-equal-layout has-tablet-equal-layout has-mobile-collapsedRows-layout has-reverse-columns-mobile has-vertical-unset\"><div class=\"wp-block-themeisle-blocks-advanced-columns-overlay\"><\/div><div class=\"innerblocks-wrap\">\n<div id=\"wp-block-themeisle-blocks-advanced-column-49529f4b\" class=\"wp-block-themeisle-blocks-advanced-column\">\n<div style=\"height:30px\" aria-hidden=\"true\" class=\"wp-block-spacer\"><\/div>\n\n\n\n<h1 class=\"has-text-align-center has-nv-text-dark-bg-color has-text-color\">Estamos aqui no CineEurope 2024<\/h1>\n\n\n\n<h3 class=\"has-text-align-center has-nv-text-dark-bg-color has-text-color\">Barcelona | 17 a 20 de junho<\/h3>\n\n\n\n<div style=\"height:30px\" aria-hidden=\"true\" class=\"wp-block-spacer\"><\/div>\n\n\n\n<h5 class=\"has-text-align-center has-nv-text-dark-bg-color has-text-color\">Quaisquer que sejam seus requisitos exclusivos, o Admit One oferece um sistema POS personalizado que funciona para voc\u00ea, em cada etapa do processo.<\/h5>\n\n\n\n<div style=\"height:30px\" aria-hidden=\"true\" class=\"wp-block-spacer\"><\/div>\n\n\n\n<div class=\"is-content-justification-center is-layout-flex wp-container-1 wp-block-buttons\">\n<div class=\"wp-block-button is-style-primary\"><a class=\"wp-block-button__link wp-element-button\" href=\"mailto:info@admit-one.eu?subject=Book a meeting&amp;body=Hello, \n\nPlease can I arrange a meeting with Admit One at CineEurope 2024.\n\nthank you\n\n\">Marque uma reuni\u00e3o<\/a><\/div>\n<\/div>\n\n\n\n<div style=\"height:50px\" aria-hidden=\"true\" class=\"wp-block-spacer\"><\/div>\n<\/div>\n<\/div><div class=\"wp-block-themeisle-blocks-advanced-columns-separators bottom\"><svg id=\"slant\" fill=\"var(--nv-text-dark-bg)\" viewbox=\"0 0 100 100\" width=\"100%\" height=\"100\" preserveaspectratio=\"none\" xmlns=\"http:\/\/www.w3.org\/2000\/svg\" class=\"rotate\"><path d=\"M0 0 L0 100 L100 0 Z\"><\/path><\/svg><\/div><\/div>\n\n\n\n<div id=\"wp-block-themeisle-blocks-advanced-columns-c3e28a06\" class=\"wp-block-themeisle-blocks-advanced-columns alignfull has-1-columns has-desktop-equal-layout has-tablet-equal-layout has-mobile-equal-layout has-vertical-center\"><div class=\"wp-block-themeisle-blocks-advanced-columns-overlay\"><\/div><div class=\"innerblocks-wrap\">\n<div id=\"wp-block-themeisle-blocks-advanced-column-e9ec8c3c\" class=\"wp-block-themeisle-blocks-advanced-column\">\n<div id=\"wp-block-themeisle-blocks-advanced-columns-d1dcc41b\" class=\"wp-block-themeisle-blocks-advanced-columns has-2-columns has-desktop-equal-layout has-tablet-equal-layout has-mobile-collapsedRows-layout has-reverse-columns-mobile has-vertical-center\"><div class=\"wp-block-themeisle-blocks-advanced-columns-overlay\"><\/div><div class=\"innerblocks-wrap\">\n<div id=\"wp-block-themeisle-blocks-advanced-column-fdfa75eb\" class=\"wp-block-themeisle-blocks-advanced-column\">\n<figure class=\"wp-block-image size-full\"><img decoding=\"async\" loading=\"lazy\" width=\"1920\" height=\"1080\" src=\"https:\/\/admit-one.co.uk\/wp-content\/uploads\/2024\/05\/img_end-to-end-solution.png\" alt=\"\" class=\"wp-image-15189\"\/><\/figure>\n<\/div>\n\n\n\n<div id=\"wp-block-themeisle-blocks-advanced-column-79190751\" class=\"wp-block-themeisle-blocks-advanced-column\">\n<h2>Uma solu\u00e7\u00e3o de ponta a ponta<\/h2>\n\n\n\n<p class=\"has-nv-dark-bg-color has-text-color\">Flex\u00edvel. Acess\u00edvel. Escal\u00e1vel. Nossa plataforma completa de gerenciamento de cinema oferece uma gama de solu\u00e7\u00f5es em lobby, alimentos e bebidas, vendas digitais, back office e experi\u00eancia do h\u00f3spede.<\/p>\n\n\n\n<div class=\"is-layout-flex wp-block-buttons\">\n<div class=\"wp-block-button is-style-primary\"><a class=\"wp-block-button__link has-nv-text-dark-bg-color has-text-color wp-element-button\" href=\"mailto:info@admit-one.eu?subject=Book a meeting&amp;body=Hello, \n\nPlease can I arrange a meeting with Admit One at CineEurope 2024.\n\nthank you\n\n\">Saber mais<\/a><\/div>\n<\/div>\n<\/div>\n<\/div><\/div>\n\n\n\n<div id=\"wp-block-themeisle-blocks-advanced-columns-924b6a10\" class=\"wp-block-themeisle-blocks-advanced-columns has-2-columns has-desktop-equal-layout has-tablet-equal-layout has-mobile-collapsedRows-layout has-vertical-center\"><div class=\"wp-block-themeisle-blocks-advanced-columns-overlay\"><\/div><div class=\"innerblocks-wrap\">\n<div id=\"wp-block-themeisle-blocks-advanced-column-b8267fbc\" class=\"wp-block-themeisle-blocks-advanced-column\">\n<h2>Conhe\u00e7a nosso \u00faltimo lan\u00e7amento<\/h2>\n\n\n\n<p class=\"has-nv-dark-bg-color has-text-color\">Com maior funcionalidade, voc\u00ea recuperar\u00e1 um tempo valioso com menos cliques e mais automa\u00e7\u00e3o, ao mesmo tempo que oferece aos seus clientes uma experi\u00eancia de usu\u00e1rio simplificada que simplifica a jornada do comprador.<\/p>\n\n\n\n<div class=\"is-layout-flex wp-block-buttons\">\n<div class=\"wp-block-button is-style-primary\"><a class=\"wp-block-button__link has-nv-text-dark-bg-color has-text-color wp-element-button\" href=\"mailto:info@admit-one.eu?subject=Book a meeting&amp;body=Hello, \n\nPlease can I arrange a meeting with Admit One at CineEurope 2024.\n\nthank you\n\n\">Saber mais<\/a><\/div>\n<\/div>\n<\/div>\n\n\n\n<div id=\"wp-block-themeisle-blocks-advanced-column-a9530d05\" class=\"wp-block-themeisle-blocks-advanced-column\">\n<figure class=\"wp-block-embed is-type-video is-provider-vimeo wp-block-embed-vimeo wp-embed-aspect-16-9 wp-has-aspect-ratio\"><div class=\"wp-block-embed__wrapper\">\n<div class=\"nv-iframe-embed\"><iframe loading=\"lazy\" title=\"Admit One - Mais do que apenas o seu PDV\" src=\"https:\/\/player.vimeo.com\/video\/810573628?dnt=1&amp;app_id=122963\" width=\"1200\" height=\"675\" frameborder=\"0\" allow=\"autoplay; fullscreen; picture-in-picture; clipboard-write; encrypted-media; web-share\" referrerpolicy=\"strict-origin-when-cross-origin\"><\/iframe><\/div>\n<\/div><\/figure>\n<\/div>\n<\/div><\/div>\n<\/div>\n<\/div><\/div>\n\n\n\n<div id=\"wp-block-themeisle-blocks-advanced-columns-0d911272\" class=\"wp-block-themeisle-blocks-advanced-columns has-1-columns has-desktop-equal-layout has-tablet-equal-layout has-mobile-equal-layout has-vertical-unset\"><div class=\"wp-block-themeisle-blocks-advanced-columns-overlay\"><\/div><div class=\"innerblocks-wrap\">\n<div id=\"wp-block-themeisle-blocks-advanced-column-c826e310\" class=\"wp-block-themeisle-blocks-advanced-column\">\n<h2 class=\"has-text-align-center wp-block-heading\"><strong>Seja qual for o seu tamanho, n\u00f3s o cobrimos<\/strong><\/h2>\n<\/div>\n<\/div><\/div>\n\n\n\n<div id=\"wp-block-themeisle-blocks-advanced-columns-4439e308\" class=\"wp-block-themeisle-blocks-advanced-columns has-6-columns has-desktop-equal-layout has-tablet-threeColumnGrid-layout has-mobile-twoColumnGrid-layout has-vertical-unset business-type-blocks\"><div class=\"wp-block-themeisle-blocks-advanced-columns-overlay\"><\/div><div class=\"innerblocks-wrap\">\n<div id=\"wp-block-themeisle-blocks-advanced-column-4c66224f\" class=\"wp-block-themeisle-blocks-advanced-column\"><div class=\"wp-block-image is-style-default\">\n<figure class=\"aligncenter size-full\"><img decoding=\"async\" src=\"https:\/\/admit-one.co.uk\/wp-content\/uploads\/2023\\01\/independent_result.webp\" alt=\"Cinemas Independentes\" class=\"wp-image-11843\"\/><\/figure><\/div>\n\n\n<h6 class=\"has-text-align-center wp-block-heading\">Cinemas Independentes<\/h6>\n<\/div>\n\n\n\n<div id=\"wp-block-themeisle-blocks-advanced-column-77be5daf\" class=\"wp-block-themeisle-blocks-advanced-column\"><div class=\"wp-block-image is-style-default\">\n<figure class=\"aligncenter size-full\"><img decoding=\"async\" src=\"https:\/\/admit-one.co.uk\/wp-content\/uploads\/2023\\01\/boutique_result.webp\" alt=\"Cinemas boutique\" class=\"wp-image-11847\"\/><\/figure><\/div>\n\n\n<h6 class=\"has-text-align-center wp-block-heading\">Cinemas boutique<\/h6>\n<\/div>\n\n\n\n<div id=\"wp-block-themeisle-blocks-advanced-column-5c36570a\" class=\"wp-block-themeisle-blocks-advanced-column\"><div class=\"wp-block-image is-style-default\">\n<figure class=\"aligncenter size-full\"><img decoding=\"async\" src=\"https:\/\/admit-one.co.uk\/wp-content\/uploads\/2023\\01\/group-chain_result.webp\" alt=\"Grupo de Redes de Cinema\" class=\"wp-image-11844\"\/><\/figure><\/div>\n\n\n<h6 class=\"has-text-align-center wp-block-heading\">Cinemas Multisite<\/h6>\n<\/div>\n\n\n\n<div id=\"wp-block-themeisle-blocks-advanced-column-c5d62d82\" class=\"wp-block-themeisle-blocks-advanced-column\"><div class=\"wp-block-image is-style-default\">\n<figure class=\"aligncenter size-full\"><img decoding=\"async\" src=\"https:\/\/admit-one.co.uk\/wp-content\/uploads\/2023\\01\/enterprise-chain_result.webp\" alt=\"Cadeias de Cinema Empresariais\" class=\"wp-image-11848\"\/><\/figure><\/div>\n\n\n<h6 class=\"has-text-align-center wp-block-heading\">Cinemas Empresariais<\/h6>\n<\/div>\n\n\n\n<div id=\"wp-block-themeisle-blocks-advanced-column-81df5e61\" class=\"wp-block-themeisle-blocks-advanced-column\"><div class=\"wp-block-image is-style-default\">\n<figure class=\"aligncenter size-full\"><img decoding=\"async\" src=\"https:\/\/admit-one.co.uk\/wp-content\/uploads\/2023\\01\/multipurpose_result.webp\" alt=\"Locais multifuncionais\" class=\"wp-image-11845\"\/><\/figure><\/div>\n\n\n<h6 class=\"has-text-align-center wp-block-heading\">Locais multifuncionais<\/h6>\n<\/div>\n\n\n\n<div id=\"wp-block-themeisle-blocks-advanced-column-6a9e837a\" class=\"wp-block-themeisle-blocks-advanced-column\"><div class=\"wp-block-image is-style-default\">\n<figure class=\"aligncenter size-full\"><img decoding=\"async\" src=\"https:\/\/admit-one.co.uk\/wp-content\/uploads\/2023\\01\/tourism_result.webp\" alt=\"Turismo \/ Centros de Visitantes\" class=\"wp-image-11846\"\/><\/figure><\/div>\n\n\n<h6 class=\"has-text-align-center wp-block-heading\">Turismo \/ Centros de Visitantes<\/h6>\n<\/div>\n<\/div><\/div>\n\n\n\n<div id=\"wp-block-themeisle-blocks-advanced-columns-01c14de9\" class=\"wp-block-themeisle-blocks-advanced-columns has-2-columns has-desktop-equal-layout has-tablet-collapsedRows-layout has-mobile-collapsedRows-layout has-vertical-unset call-to-action has-dark-bg\"><div class=\"wp-block-themeisle-blocks-advanced-columns-overlay\"><\/div><div class=\"innerblocks-wrap\">\n<div id=\"wp-block-themeisle-blocks-advanced-column-aed9b021\" class=\"wp-block-themeisle-blocks-advanced-column\">\n<h2 class=\"wp-block-heading has-nv-site-bg-color has-text-color\">Voc\u00ea est\u00e1 pronto para fazer pedidos sem contato e sem complica\u00e7\u00f5es?<\/h2>\n\n\n\n<p class=\"has-nv-site-bg-color has-text-color\">Vamos come\u00e7ar&nbsp;<i class=\"icon-forward\"><\/i><\/p>\n<\/div>\n\n\n\n<div id=\"wp-block-themeisle-blocks-advanced-column-01e8791e\" class=\"wp-block-themeisle-blocks-advanced-column column-right\">\n<h4 class=\"wp-block-heading has-neve-text-color-color has-text-color\">A1 Shop torna mais f\u00e1cil do que nunca pedir comida e bebidas em seus locais<\/h4>\n\n\n\n<p class=\"has-nv-dark-bg-color has-text-color\">Quer se trate de combina\u00e7\u00f5es b\u00e1sicas de pipoca e bebidas, lanches fast food ou refei\u00e7\u00f5es casuais no local, nosso mais recente <strong>Loja A1<\/strong> libera\u00e7\u00e3o significa que voc\u00ea pode configurar facilmente seu fluxo de processo para oferecer suporte ao Click &amp; Collect em seu lobby, jantares em seu teatro ou servi\u00e7o completo de entrega de mesa de restaurante.<\/p>\n\n\n\n<ul class=\"a1_tick-list has-neve-text-color-color has-text-color\">\n<li>Clique e Colete<\/li>\n\n\n\n<li>Jantar no assento<\/li>\n\n\n\n<li>Ordem da tabela<\/li>\n<\/ul>\n\n\n\n<div id=\"wp-block-themeisle-blocks-button-group-5e1b0e52\" class=\"wp-block-themeisle-blocks-button-group wp-block-buttons\">\n<div id=\"wp-block-themeisle-blocks-button-bdaccee1\" class=\"wp-block-themeisle-blocks-button wp-block-button is-style-primary\"><a href=\"mailto:info@admit-one.eu?subject=Book a meeting&amp;body=Hello, \n\nPlease can I arrange a meeting with Admit One at CineEurope 2024.\n\nthank you\n\n\" target=\"_self\" rel=\"noopener noreferrer\" class=\"wp-block-button__link\"><span>Vamos conversar<\/span><\/a><\/div>\n<\/div>\n<\/div>\n<\/div><\/div>\n\n\n\n<div id=\"wp-block-themeisle-blocks-advanced-columns-a89c600f\" class=\"wp-block-themeisle-blocks-advanced-columns alignfull has-1-columns has-desktop-equal-layout has-tablet-equal-layout has-mobile-equal-layout has-vertical-unset has-dark-bg\"><div class=\"wp-block-themeisle-blocks-advanced-columns-overlay\"><\/div><div class=\"innerblocks-wrap\">\n<div id=\"wp-block-themeisle-blocks-advanced-column-1b822d55\" class=\"wp-block-themeisle-blocks-advanced-column\">\n<h2 class=\"has-text-align-center wp-block-heading\"><strong>Pronto para come\u00e7ar?<\/strong><\/h2>\n\n\n\n<p class=\"has-text-align-center has-nv-text-dark-bg-color has-text-color\">Adorar\u00edamos saber mais sobre como podemos ajudar voc\u00ea e sua empresa.<\/p>\n\n\n\n<p class=\"has-text-align-center has-nv-text-dark-bg-color has-text-color\">Para marcar uma reuni\u00e3o connosco no CineEurope siga o link abaixo.<\/p>\n\n\n\n<div id=\"wp-block-themeisle-blocks-button-group-81bc4e7b\" class=\"wp-block-themeisle-blocks-button-group wp-block-buttons align-center-desktop\">\n<div id=\"wp-block-themeisle-blocks-button-867db6a4\" class=\"wp-block-themeisle-blocks-button wp-block-button  is-style-outline\"><a href=\"mailto:info@admit-one.eu?subject=Book a meeting&amp;body=Hello, \n\nPlease can I arrange a meeting with Admit One at CineEurope 2024.\n\nthank you\n\n\" target=\"_self\" rel=\"noopener noreferrer\" class=\"wp-block-button__link\"><span>Marque uma reuni\u00e3o<\/span><\/a><\/div>\n<\/div>\n<\/div>\n<\/div><\/div>","protected":false},"excerpt":{"rendered":"","protected":false},"author":1,"featured_media":0,"parent":0,"menu_order":0,"comment_status":"closed","ping_status":"closed","template":"","meta":{"om_disable_all_campaigns":false,"_uag_custom_page_level_css":"","_mi_skip_tracking":false,"neve_meta_sidebar":"","neve_meta_container":"full-width","neve_meta_enable_content_width":"","neve_meta_content_width":0,"neve_meta_title_alignment":"","neve_meta_author_avatar":"","neve_post_elements_order":"","neve_meta_disable_header":"","neve_meta_disable_footer":"","neve_meta_disable_title":"on","neve_meta_reading_time":"","_themeisle_gutenberg_block_has_review":false},"categories":[5],"tags":[],"folder":[101],"aioseo_notices":[],"uagb_featured_image_src":{"full":false,"thumbnail":false,"medium":false,"medium_large":false,"large":false,"1536x1536":false,"2048x2048":false,"trp-custom-language-flag":false,"neve-blog":false,"xl":false,"xxl":false,"xxxl":false,"xxxxl":false,"xxxxxl":false},"uagb_author_info":{"display_name":"James Gibson","author_link":"https:\/\/admit-one.net\/pt\/blog\/author\/james-gibson\/"},"uagb_comment_info":0,"uagb_excerpt":null,"_links":{"self":[{"href":"https:\/\/admit-one.net\/pt\/wp-json\/wp\/v2\/pages\/12804"}],"collection":[{"href":"https:\/\/admit-one.net\/pt\/wp-json\/wp\/v2\/pages"}],"about":[{"href":"https:\/\/admit-one.net\/pt\/wp-json\/wp\/v2\/types\/page"}],"author":[{"embeddable":true,"href":"https:\/\/admit-one.net\/pt\/wp-json\/wp\/v2\/users\/1"}],"replies":[{"embeddable":true,"href":"https:\/\/admit-one.net\/pt\/wp-json\/wp\/v2\/comments?post=12804"}],"version-history":[{"count":43,"href":"https:\/\/admit-one.net\/pt\/wp-json\/wp\/v2\/pages\/12804\/revisions"}],"predecessor-version":[{"id":15543,"href":"https:\/\/admit-one.net\/pt\/wp-json\/wp\/v2\/pages\/12804\/revisions\/15543"}],"wp:attachment":[{"href":"https:\/\/admit-one.net\/pt\/wp-json\/wp\/v2\/media?parent=12804"}],"wp:term":[{"taxonomy":"category","embeddable":true,"href":"https:\/\/admit-one.net\/pt\/wp-json\/wp\/v2\/categories?post=12804"},{"taxonomy":"post_tag","embeddable":true,"href":"https:\/\/admit-one.net\/pt\/wp-json\/wp\/v2\/tags?post=12804"},{"taxonomy":"folder","embeddable":true,"href":"https:\/\/admit-one.net\/pt\/wp-json\/wp\/v2\/folder?post=12804"}],"curies":[{"name":"wp","href":"https:\/\/api.w.org\/{rel}","templated":true}]}}