{"id":12804,"date":"2023-03-23T09:16:03","date_gmt":"2023-03-23T09:16:03","guid":{"rendered":"https:\/\/admit-one.co.uk\/?page_id=12804"},"modified":"2024-06-17T10:49:58","modified_gmt":"2024-06-17T09:49:58","slug":"cineeurope","status":"publish","type":"page","link":"https:\/\/admit-one.net\/fr\/cinemacon\/","title":{"rendered":"Admit One est \u00e0 CineEurope 2024"},"content":{"rendered":"<div id=\"wp-block-themeisle-blocks-advanced-columns-f3534b6f\" class=\"wp-block-themeisle-blocks-advanced-columns alignfull has-1-columns has-desktop-equal-layout has-tablet-equal-layout has-mobile-collapsedRows-layout has-reverse-columns-mobile has-vertical-unset\"><div class=\"wp-block-themeisle-blocks-advanced-columns-overlay\"><\/div><div class=\"innerblocks-wrap\">\n<div id=\"wp-block-themeisle-blocks-advanced-column-49529f4b\" class=\"wp-block-themeisle-blocks-advanced-column\">\n<div style=\"height:30px\" aria-hidden=\"true\" class=\"wp-block-spacer\"><\/div>\n\n\n\n<h1 class=\"has-text-align-center has-nv-text-dark-bg-color has-text-color\">Nous sommes ici \u00e0 CineEurope 2024<\/h1>\n\n\n\n<h3 class=\"has-text-align-center has-nv-text-dark-bg-color has-text-color\">Barcelone | 17 \u2013 20 juin<\/h3>\n\n\n\n<div style=\"height:30px\" aria-hidden=\"true\" class=\"wp-block-spacer\"><\/div>\n\n\n\n<h5 class=\"has-text-align-center has-nv-text-dark-bg-color has-text-color\">Quelles que soient vos exigences uniques, Admit One propose un syst\u00e8me de point de vente personnalis\u00e9 qui fonctionne pour vous, \u00e0 chaque \u00e9tape du processus.<\/h5>\n\n\n\n<div style=\"height:30px\" aria-hidden=\"true\" class=\"wp-block-spacer\"><\/div>\n\n\n\n<div class=\"is-content-justification-center is-layout-flex wp-container-1 wp-block-buttons\">\n<div class=\"wp-block-button is-style-primary\"><a class=\"wp-block-button__link wp-element-button\" href=\"mailto:info@admit-one.eu?subject=Book a meeting&amp;body=Hello, \n\nPlease can I arrange a meeting with Admit One at CineEurope 2024.\n\nthank you\n\n\">R\u00e9server une r\u00e9union<\/a><\/div>\n<\/div>\n\n\n\n<div style=\"height:50px\" aria-hidden=\"true\" class=\"wp-block-spacer\"><\/div>\n<\/div>\n<\/div><div class=\"wp-block-themeisle-blocks-advanced-columns-separators bottom\"><svg id=\"slant\" fill=\"var(--nv-text-dark-bg)\" viewbox=\"0 0 100 100\" width=\"100%\" height=\"100\" preserveaspectratio=\"none\" xmlns=\"http:\/\/www.w3.org\/2000\/svg\" class=\"rotate\"><path d=\"M0 0 L0 100 L100 0 Z\"><\/path><\/svg><\/div><\/div>\n\n\n\n<div id=\"wp-block-themeisle-blocks-advanced-columns-c3e28a06\" class=\"wp-block-themeisle-blocks-advanced-columns alignfull has-1-columns has-desktop-equal-layout has-tablet-equal-layout has-mobile-equal-layout has-vertical-center\"><div class=\"wp-block-themeisle-blocks-advanced-columns-overlay\"><\/div><div class=\"innerblocks-wrap\">\n<div id=\"wp-block-themeisle-blocks-advanced-column-e9ec8c3c\" class=\"wp-block-themeisle-blocks-advanced-column\">\n<div id=\"wp-block-themeisle-blocks-advanced-columns-d1dcc41b\" class=\"wp-block-themeisle-blocks-advanced-columns has-2-columns has-desktop-equal-layout has-tablet-equal-layout has-mobile-collapsedRows-layout has-reverse-columns-mobile has-vertical-center\"><div class=\"wp-block-themeisle-blocks-advanced-columns-overlay\"><\/div><div class=\"innerblocks-wrap\">\n<div id=\"wp-block-themeisle-blocks-advanced-column-fdfa75eb\" class=\"wp-block-themeisle-blocks-advanced-column\">\n<figure class=\"wp-block-image size-full\"><img decoding=\"async\" loading=\"lazy\" width=\"1920\" height=\"1080\" src=\"https:\/\/admit-one.co.uk\/wp-content\/uploads\/2024\/05\/img_end-to-end-solution.png\" alt=\"\" class=\"wp-image-15189\"\/><\/figure>\n<\/div>\n\n\n\n<div id=\"wp-block-themeisle-blocks-advanced-column-79190751\" class=\"wp-block-themeisle-blocks-advanced-column\">\n<h2>Une solution de bout en bout<\/h2>\n\n\n\n<p class=\"has-nv-dark-bg-color has-text-color\">Flexible. Abordable. \u00c9volutif. Notre plateforme de gestion de cin\u00e9ma de bout en bout offre une gamme de solutions pour votre hall d&#039;entr\u00e9e, votre restauration, vos ventes num\u00e9riques, votre back-office et votre exp\u00e9rience client.<\/p>\n\n\n\n<div class=\"is-layout-flex wp-block-buttons\">\n<div class=\"wp-block-button is-style-primary\"><a class=\"wp-block-button__link has-nv-text-dark-bg-color has-text-color wp-element-button\" href=\"mailto:info@admit-one.eu?subject=Book a meeting&amp;body=Hello, \n\nPlease can I arrange a meeting with Admit One at CineEurope 2024.\n\nthank you\n\n\">Apprendre encore plus<\/a><\/div>\n<\/div>\n<\/div>\n<\/div><\/div>\n\n\n\n<div id=\"wp-block-themeisle-blocks-advanced-columns-924b6a10\" class=\"wp-block-themeisle-blocks-advanced-columns has-2-columns has-desktop-equal-layout has-tablet-equal-layout has-mobile-collapsedRows-layout has-vertical-center\"><div class=\"wp-block-themeisle-blocks-advanced-columns-overlay\"><\/div><div class=\"innerblocks-wrap\">\n<div id=\"wp-block-themeisle-blocks-advanced-column-b8267fbc\" class=\"wp-block-themeisle-blocks-advanced-column\">\n<h2>D\u00e9couvrez notre derni\u00e8re version<\/h2>\n\n\n\n<p class=\"has-nv-dark-bg-color has-text-color\">Avec des fonctionnalit\u00e9s accrues, vous gagnerez un temps pr\u00e9cieux gr\u00e2ce \u00e0 moins de clics et \u00e0 plus d&#039;automatisation, tout en offrant \u00e0 vos clients une exp\u00e9rience utilisateur rationalis\u00e9e qui simplifie leur parcours d&#039;achat.<\/p>\n\n\n\n<div class=\"is-layout-flex wp-block-buttons\">\n<div class=\"wp-block-button is-style-primary\"><a class=\"wp-block-button__link has-nv-text-dark-bg-color has-text-color wp-element-button\" href=\"mailto:info@admit-one.eu?subject=Book a meeting&amp;body=Hello, \n\nPlease can I arrange a meeting with Admit One at CineEurope 2024.\n\nthank you\n\n\">Apprendre encore plus<\/a><\/div>\n<\/div>\n<\/div>\n\n\n\n<div id=\"wp-block-themeisle-blocks-advanced-column-a9530d05\" class=\"wp-block-themeisle-blocks-advanced-column\">\n<figure class=\"wp-block-embed is-type-video is-provider-vimeo wp-block-embed-vimeo wp-embed-aspect-16-9 wp-has-aspect-ratio\"><div class=\"wp-block-embed__wrapper\">\n<div class=\"nv-iframe-embed\"><iframe loading=\"lazy\" title=\"Admit One - Plus qu&#039;un simple point de vente\" src=\"https:\/\/player.vimeo.com\/video\/810573628?dnt=1&amp;app_id=122963\" width=\"1200\" height=\"675\" frameborder=\"0\" allow=\"autoplay; fullscreen; picture-in-picture; clipboard-write; encrypted-media; web-share\" referrerpolicy=\"strict-origin-when-cross-origin\"><\/iframe><\/div>\n<\/div><\/figure>\n<\/div>\n<\/div><\/div>\n<\/div>\n<\/div><\/div>\n\n\n\n<div id=\"wp-block-themeisle-blocks-advanced-columns-0d911272\" class=\"wp-block-themeisle-blocks-advanced-columns has-1-columns has-desktop-equal-layout has-tablet-equal-layout has-mobile-equal-layout has-vertical-unset\"><div class=\"wp-block-themeisle-blocks-advanced-columns-overlay\"><\/div><div class=\"innerblocks-wrap\">\n<div id=\"wp-block-themeisle-blocks-advanced-column-c826e310\" class=\"wp-block-themeisle-blocks-advanced-column\">\n<h2 class=\"has-text-align-center wp-block-heading\"><strong>Quelle que soit votre taille, nous avons ce qu&#039;il vous faut<\/strong><\/h2>\n<\/div>\n<\/div><\/div>\n\n\n\n<div id=\"wp-block-themeisle-blocks-advanced-columns-4439e308\" class=\"wp-block-themeisle-blocks-advanced-columns has-6-columns has-desktop-equal-layout has-tablet-threeColumnGrid-layout has-mobile-twoColumnGrid-layout has-vertical-unset business-type-blocks\"><div class=\"wp-block-themeisle-blocks-advanced-columns-overlay\"><\/div><div class=\"innerblocks-wrap\">\n<div id=\"wp-block-themeisle-blocks-advanced-column-4c66224f\" class=\"wp-block-themeisle-blocks-advanced-column\"><div class=\"wp-block-image is-style-default\">\n<figure class=\"aligncenter size-full\"><img decoding=\"async\" src=\"https:\/\/admit-one.co.uk\/wp-content\/uploads\/2023\\01\/independent_result.webp\" alt=\"Cin\u00e9mas ind\u00e9pendants\" class=\"wp-image-11843\"\/><\/figure><\/div>\n\n\n<h6 class=\"has-text-align-center wp-block-heading\">Cin\u00e9mas ind\u00e9pendants<\/h6>\n<\/div>\n\n\n\n<div id=\"wp-block-themeisle-blocks-advanced-column-77be5daf\" class=\"wp-block-themeisle-blocks-advanced-column\"><div class=\"wp-block-image is-style-default\">\n<figure class=\"aligncenter size-full\"><img decoding=\"async\" src=\"https:\/\/admit-one.co.uk\/wp-content\/uploads\/2023\\01\/boutique_result.webp\" alt=\"Cin\u00e9mas-boutiques\" class=\"wp-image-11847\"\/><\/figure><\/div>\n\n\n<h6 class=\"has-text-align-center wp-block-heading\">Cin\u00e9mas-boutiques<\/h6>\n<\/div>\n\n\n\n<div id=\"wp-block-themeisle-blocks-advanced-column-5c36570a\" class=\"wp-block-themeisle-blocks-advanced-column\"><div class=\"wp-block-image is-style-default\">\n<figure class=\"aligncenter size-full\"><img decoding=\"async\" src=\"https:\/\/admit-one.co.uk\/wp-content\/uploads\/2023\\01\/group-chain_result.webp\" alt=\"Groupement de cha\u00eenes de cin\u00e9ma\" class=\"wp-image-11844\"\/><\/figure><\/div>\n\n\n<h6 class=\"has-text-align-center wp-block-heading\">Cin\u00e9mas multisites<\/h6>\n<\/div>\n\n\n\n<div id=\"wp-block-themeisle-blocks-advanced-column-c5d62d82\" class=\"wp-block-themeisle-blocks-advanced-column\"><div class=\"wp-block-image is-style-default\">\n<figure class=\"aligncenter size-full\"><img decoding=\"async\" src=\"https:\/\/admit-one.co.uk\/wp-content\/uploads\/2023\\01\/enterprise-chain_result.webp\" alt=\"Cha\u00eenes de cin\u00e9ma d&#039;entreprise\" class=\"wp-image-11848\"\/><\/figure><\/div>\n\n\n<h6 class=\"has-text-align-center wp-block-heading\">Cin\u00e9mas d&#039;entreprise<\/h6>\n<\/div>\n\n\n\n<div id=\"wp-block-themeisle-blocks-advanced-column-81df5e61\" class=\"wp-block-themeisle-blocks-advanced-column\"><div class=\"wp-block-image is-style-default\">\n<figure class=\"aligncenter size-full\"><img decoding=\"async\" src=\"https:\/\/admit-one.co.uk\/wp-content\/uploads\/2023\\01\/multipurpose_result.webp\" alt=\"Salles polyvalentes\" class=\"wp-image-11845\"\/><\/figure><\/div>\n\n\n<h6 class=\"has-text-align-center wp-block-heading\">Salles polyvalentes<\/h6>\n<\/div>\n\n\n\n<div id=\"wp-block-themeisle-blocks-advanced-column-6a9e837a\" class=\"wp-block-themeisle-blocks-advanced-column\"><div class=\"wp-block-image is-style-default\">\n<figure class=\"aligncenter size-full\"><img decoding=\"async\" src=\"https:\/\/admit-one.co.uk\/wp-content\/uploads\/2023\\01\/tourism_result.webp\" alt=\"Tourisme \/ Centres d&#039;accueil\" class=\"wp-image-11846\"\/><\/figure><\/div>\n\n\n<h6 class=\"has-text-align-center wp-block-heading\">Tourisme \/ Centres d&#039;accueil<\/h6>\n<\/div>\n<\/div><\/div>\n\n\n\n<div id=\"wp-block-themeisle-blocks-advanced-columns-01c14de9\" class=\"wp-block-themeisle-blocks-advanced-columns has-2-columns has-desktop-equal-layout has-tablet-collapsedRows-layout has-mobile-collapsedRows-layout has-vertical-unset call-to-action has-dark-bg\"><div class=\"wp-block-themeisle-blocks-advanced-columns-overlay\"><\/div><div class=\"innerblocks-wrap\">\n<div id=\"wp-block-themeisle-blocks-advanced-column-aed9b021\" class=\"wp-block-themeisle-blocks-advanced-column\">\n<h2 class=\"wp-block-heading has-nv-site-bg-color has-text-color\">\u00cates-vous pr\u00eat \u00e0 commander sans contact et sans tracas\u00a0?<\/h2>\n\n\n\n<p class=\"has-nv-site-bg-color has-text-color\">Commen\u00e7ons&nbsp;<i class=\"icon-forward\"><\/i><\/p>\n<\/div>\n\n\n\n<div id=\"wp-block-themeisle-blocks-advanced-column-01e8791e\" class=\"wp-block-themeisle-blocks-advanced-column column-right\">\n<h4 class=\"wp-block-heading has-neve-text-color-color has-text-color\">A1 Shop facilite plus que jamais la commande de nourriture et de boissons dans vos \u00e9tablissements<\/h4>\n\n\n\n<p class=\"has-nv-dark-bg-color has-text-color\">Qu&#039;il s&#039;agisse de combos de base de pop-corn et de boissons, de collations de restauration rapide ou de repas d\u00e9contract\u00e9s sur place, nos derni\u00e8res <strong>Boutique A1<\/strong> Cette version signifie que vous pouvez facilement configurer votre flux de processus pour prendre en charge le Click &amp; Collect dans votre hall, les repas sur place dans votre th\u00e9\u00e2tre ou un service complet de livraison \u00e0 table de restaurant.<\/p>\n\n\n\n<ul class=\"a1_tick-list has-neve-text-color-color has-text-color\">\n<li>Cliquez et collectez<\/li>\n\n\n\n<li>Repas sur place<\/li>\n\n\n\n<li>Ordre des tables<\/li>\n<\/ul>\n\n\n\n<div id=\"wp-block-themeisle-blocks-button-group-5e1b0e52\" class=\"wp-block-themeisle-blocks-button-group wp-block-buttons\">\n<div id=\"wp-block-themeisle-blocks-button-bdaccee1\" class=\"wp-block-themeisle-blocks-button wp-block-button is-style-primary\"><a href=\"mailto:info@admit-one.eu?subject=Book a meeting&amp;body=Hello, \n\nPlease can I arrange a meeting with Admit One at CineEurope 2024.\n\nthank you\n\n\" target=\"_self\" rel=\"noopener noreferrer\" class=\"wp-block-button__link\"><span>Parlons<\/span><\/a><\/div>\n<\/div>\n<\/div>\n<\/div><\/div>\n\n\n\n<div id=\"wp-block-themeisle-blocks-advanced-columns-a89c600f\" class=\"wp-block-themeisle-blocks-advanced-columns alignfull has-1-columns has-desktop-equal-layout has-tablet-equal-layout has-mobile-equal-layout has-vertical-unset has-dark-bg\"><div class=\"wp-block-themeisle-blocks-advanced-columns-overlay\"><\/div><div class=\"innerblocks-wrap\">\n<div id=\"wp-block-themeisle-blocks-advanced-column-1b822d55\" class=\"wp-block-themeisle-blocks-advanced-column\">\n<h2 class=\"has-text-align-center wp-block-heading\"><strong>Pr\u00eat \u00e0 commencer?<\/strong><\/h2>\n\n\n\n<p class=\"has-text-align-center has-nv-text-dark-bg-color has-text-color\">Nous aimerions en savoir plus sur la fa\u00e7on dont nous pouvons vous aider, vous et votre entreprise.<\/p>\n\n\n\n<p class=\"has-text-align-center has-nv-text-dark-bg-color has-text-color\">Pour organiser une rencontre avec nous \u00e0 CineEurope, suivez le lien ci-dessous.<\/p>\n\n\n\n<div id=\"wp-block-themeisle-blocks-button-group-81bc4e7b\" class=\"wp-block-themeisle-blocks-button-group wp-block-buttons align-center-desktop\">\n<div id=\"wp-block-themeisle-blocks-button-867db6a4\" class=\"wp-block-themeisle-blocks-button wp-block-button  is-style-outline\"><a href=\"mailto:info@admit-one.eu?subject=Book a meeting&amp;body=Hello, \n\nPlease can I arrange a meeting with Admit One at CineEurope 2024.\n\nthank you\n\n\" target=\"_self\" rel=\"noopener noreferrer\" class=\"wp-block-button__link\"><span>R\u00e9server une r\u00e9union<\/span><\/a><\/div>\n<\/div>\n<\/div>\n<\/div><\/div>","protected":false},"excerpt":{"rendered":"","protected":false},"author":1,"featured_media":0,"parent":0,"menu_order":0,"comment_status":"closed","ping_status":"closed","template":"","meta":{"om_disable_all_campaigns":false,"_uag_custom_page_level_css":"","_mi_skip_tracking":false,"neve_meta_sidebar":"","neve_meta_container":"full-width","neve_meta_enable_content_width":"","neve_meta_content_width":0,"neve_meta_title_alignment":"","neve_meta_author_avatar":"","neve_post_elements_order":"","neve_meta_disable_header":"","neve_meta_disable_footer":"","neve_meta_disable_title":"on","neve_meta_reading_time":"","_themeisle_gutenberg_block_has_review":false},"categories":[5],"tags":[],"folder":[101],"aioseo_notices":[],"uagb_featured_image_src":{"full":false,"thumbnail":false,"medium":false,"medium_large":false,"large":false,"1536x1536":false,"2048x2048":false,"trp-custom-language-flag":false,"neve-blog":false,"xl":false,"xxl":false,"xxxl":false,"xxxxl":false,"xxxxxl":false},"uagb_author_info":{"display_name":"James Gibson","author_link":"https:\/\/admit-one.net\/fr\/blog\/author\/james-gibson\/"},"uagb_comment_info":0,"uagb_excerpt":null,"_links":{"self":[{"href":"https:\/\/admit-one.net\/fr\/wp-json\/wp\/v2\/pages\/12804"}],"collection":[{"href":"https:\/\/admit-one.net\/fr\/wp-json\/wp\/v2\/pages"}],"about":[{"href":"https:\/\/admit-one.net\/fr\/wp-json\/wp\/v2\/types\/page"}],"author":[{"embeddable":true,"href":"https:\/\/admit-one.net\/fr\/wp-json\/wp\/v2\/users\/1"}],"replies":[{"embeddable":true,"href":"https:\/\/admit-one.net\/fr\/wp-json\/wp\/v2\/comments?post=12804"}],"version-history":[{"count":43,"href":"https:\/\/admit-one.net\/fr\/wp-json\/wp\/v2\/pages\/12804\/revisions"}],"predecessor-version":[{"id":15543,"href":"https:\/\/admit-one.net\/fr\/wp-json\/wp\/v2\/pages\/12804\/revisions\/15543"}],"wp:attachment":[{"href":"https:\/\/admit-one.net\/fr\/wp-json\/wp\/v2\/media?parent=12804"}],"wp:term":[{"taxonomy":"category","embeddable":true,"href":"https:\/\/admit-one.net\/fr\/wp-json\/wp\/v2\/categories?post=12804"},{"taxonomy":"post_tag","embeddable":true,"href":"https:\/\/admit-one.net\/fr\/wp-json\/wp\/v2\/tags?post=12804"},{"taxonomy":"folder","embeddable":true,"href":"https:\/\/admit-one.net\/fr\/wp-json\/wp\/v2\/folder?post=12804"}],"curies":[{"name":"wp","href":"https:\/\/api.w.org\/{rel}","templated":true}]}}