{"id":12804,"date":"2023-03-23T09:16:03","date_gmt":"2023-03-23T09:16:03","guid":{"rendered":"https:\/\/admit-one.co.uk\/?page_id=12804"},"modified":"2024-06-17T10:49:58","modified_gmt":"2024-06-17T09:49:58","slug":"cineeurope","status":"publish","type":"page","link":"https:\/\/admit-one.net\/de\/cinemacon\/","title":{"rendered":"Admit One ist bei CineEurope 2024 dabei"},"content":{"rendered":"<div id=\"wp-block-themeisle-blocks-advanced-columns-f3534b6f\" class=\"wp-block-themeisle-blocks-advanced-columns alignfull has-1-columns has-desktop-equal-layout has-tablet-equal-layout has-mobile-collapsedRows-layout has-reverse-columns-mobile has-vertical-unset\"><div class=\"wp-block-themeisle-blocks-advanced-columns-overlay\"><\/div><div class=\"innerblocks-wrap\">\n<div id=\"wp-block-themeisle-blocks-advanced-column-49529f4b\" class=\"wp-block-themeisle-blocks-advanced-column\">\n<div style=\"height:30px\" aria-hidden=\"true\" class=\"wp-block-spacer\"><\/div>\n\n\n\n<h1 class=\"has-text-align-center has-nv-text-dark-bg-color has-text-color\">Wir sind hier bei CineEurope 2024<\/h1>\n\n\n\n<h3 class=\"has-text-align-center has-nv-text-dark-bg-color has-text-color\">Barcelona | 17. \u2013 20. Juni<\/h3>\n\n\n\n<div style=\"height:30px\" aria-hidden=\"true\" class=\"wp-block-spacer\"><\/div>\n\n\n\n<h5 class=\"has-text-align-center has-nv-text-dark-bg-color has-text-color\">Was auch immer Ihre individuellen Anforderungen sind: Admit One bietet ein ma\u00dfgeschneidertes POS-System, das bei jedem Schritt f\u00fcr Sie funktioniert.<\/h5>\n\n\n\n<div style=\"height:30px\" aria-hidden=\"true\" class=\"wp-block-spacer\"><\/div>\n\n\n\n<div class=\"is-content-justification-center is-layout-flex wp-container-1 wp-block-buttons\">\n<div class=\"wp-block-button is-style-primary\"><a class=\"wp-block-button__link wp-element-button\" href=\"mailto:info@admit-one.eu?subject=Book a meeting&amp;body=Hello, \n\nPlease can I arrange a meeting with Admit One at CineEurope 2024.\n\nthank you\n\n\">Buchen Sie ein Treffen<\/a><\/div>\n<\/div>\n\n\n\n<div style=\"height:50px\" aria-hidden=\"true\" class=\"wp-block-spacer\"><\/div>\n<\/div>\n<\/div><div class=\"wp-block-themeisle-blocks-advanced-columns-separators bottom\"><svg id=\"slant\" fill=\"var(--nv-text-dark-bg)\" viewbox=\"0 0 100 100\" width=\"100%\" height=\"100\" preserveaspectratio=\"none\" xmlns=\"http:\/\/www.w3.org\/2000\/svg\" class=\"rotate\"><path d=\"M0 0 L0 100 L100 0 Z\"><\/path><\/svg><\/div><\/div>\n\n\n\n<div id=\"wp-block-themeisle-blocks-advanced-columns-c3e28a06\" class=\"wp-block-themeisle-blocks-advanced-columns alignfull has-1-columns has-desktop-equal-layout has-tablet-equal-layout has-mobile-equal-layout has-vertical-center\"><div class=\"wp-block-themeisle-blocks-advanced-columns-overlay\"><\/div><div class=\"innerblocks-wrap\">\n<div id=\"wp-block-themeisle-blocks-advanced-column-e9ec8c3c\" class=\"wp-block-themeisle-blocks-advanced-column\">\n<div id=\"wp-block-themeisle-blocks-advanced-columns-d1dcc41b\" class=\"wp-block-themeisle-blocks-advanced-columns has-2-columns has-desktop-equal-layout has-tablet-equal-layout has-mobile-collapsedRows-layout has-reverse-columns-mobile has-vertical-center\"><div class=\"wp-block-themeisle-blocks-advanced-columns-overlay\"><\/div><div class=\"innerblocks-wrap\">\n<div id=\"wp-block-themeisle-blocks-advanced-column-fdfa75eb\" class=\"wp-block-themeisle-blocks-advanced-column\">\n<figure class=\"wp-block-image size-full\"><img decoding=\"async\" loading=\"lazy\" width=\"1920\" height=\"1080\" src=\"https:\/\/admit-one.co.uk\/wp-content\/uploads\/2024\/05\/img_end-to-end-solution.png\" alt=\"\" class=\"wp-image-15189\"\/><\/figure>\n<\/div>\n\n\n\n<div id=\"wp-block-themeisle-blocks-advanced-column-79190751\" class=\"wp-block-themeisle-blocks-advanced-column\">\n<h2>Eine End-to-End-L\u00f6sung<\/h2>\n\n\n\n<p class=\"has-nv-dark-bg-color has-text-color\">Flexibel. Erschwinglich. Skalierbar. Unsere End-to-End-Kinomanagementplattform bietet eine Reihe von L\u00f6sungen f\u00fcr Ihre Lobby, Gastronomie, digitalen Vertrieb, Backoffice und das G\u00e4steerlebnis.<\/p>\n\n\n\n<div class=\"is-layout-flex wp-block-buttons\">\n<div class=\"wp-block-button is-style-primary\"><a class=\"wp-block-button__link has-nv-text-dark-bg-color has-text-color wp-element-button\" href=\"mailto:info@admit-one.eu?subject=Book a meeting&amp;body=Hello, \n\nPlease can I arrange a meeting with Admit One at CineEurope 2024.\n\nthank you\n\n\">Lern mehr<\/a><\/div>\n<\/div>\n<\/div>\n<\/div><\/div>\n\n\n\n<div id=\"wp-block-themeisle-blocks-advanced-columns-924b6a10\" class=\"wp-block-themeisle-blocks-advanced-columns has-2-columns has-desktop-equal-layout has-tablet-equal-layout has-mobile-collapsedRows-layout has-vertical-center\"><div class=\"wp-block-themeisle-blocks-advanced-columns-overlay\"><\/div><div class=\"innerblocks-wrap\">\n<div id=\"wp-block-themeisle-blocks-advanced-column-b8267fbc\" class=\"wp-block-themeisle-blocks-advanced-column\">\n<h2>Entdecken Sie unsere neuste Ver\u00f6ffentlichung<\/h2>\n\n\n\n<p class=\"has-nv-dark-bg-color has-text-color\">Mit der erweiterten Funktionalit\u00e4t gewinnen Sie durch weniger Klicks und mehr Automatisierung wertvolle Zeit zur\u00fcck und bieten Ihren Kunden gleichzeitig eine optimierte Benutzererfahrung, die ihnen den Kaufprozess vereinfacht.<\/p>\n\n\n\n<div class=\"is-layout-flex wp-block-buttons\">\n<div class=\"wp-block-button is-style-primary\"><a class=\"wp-block-button__link has-nv-text-dark-bg-color has-text-color wp-element-button\" href=\"mailto:info@admit-one.eu?subject=Book a meeting&amp;body=Hello, \n\nPlease can I arrange a meeting with Admit One at CineEurope 2024.\n\nthank you\n\n\">Lern mehr<\/a><\/div>\n<\/div>\n<\/div>\n\n\n\n<div id=\"wp-block-themeisle-blocks-advanced-column-a9530d05\" class=\"wp-block-themeisle-blocks-advanced-column\">\n<figure class=\"wp-block-embed is-type-video is-provider-vimeo wp-block-embed-vimeo wp-embed-aspect-16-9 wp-has-aspect-ratio\"><div class=\"wp-block-embed__wrapper\">\n<div class=\"nv-iframe-embed\"><iframe loading=\"lazy\" title=\"Admit One - Mehr als nur Ihr POS\" src=\"https:\/\/player.vimeo.com\/video\/810573628?dnt=1&amp;app_id=122963\" width=\"1200\" height=\"675\" frameborder=\"0\" allow=\"autoplay; fullscreen; picture-in-picture; clipboard-write; encrypted-media; web-share\" referrerpolicy=\"strict-origin-when-cross-origin\"><\/iframe><\/div>\n<\/div><\/figure>\n<\/div>\n<\/div><\/div>\n<\/div>\n<\/div><\/div>\n\n\n\n<div id=\"wp-block-themeisle-blocks-advanced-columns-0d911272\" class=\"wp-block-themeisle-blocks-advanced-columns has-1-columns has-desktop-equal-layout has-tablet-equal-layout has-mobile-equal-layout has-vertical-unset\"><div class=\"wp-block-themeisle-blocks-advanced-columns-overlay\"><\/div><div class=\"innerblocks-wrap\">\n<div id=\"wp-block-themeisle-blocks-advanced-column-c826e310\" class=\"wp-block-themeisle-blocks-advanced-column\">\n<h2 class=\"has-text-align-center wp-block-heading\"><strong>Was auch immer Ihre Gr\u00f6\u00dfe ist, wir sind f\u00fcr Sie da<\/strong><\/h2>\n<\/div>\n<\/div><\/div>\n\n\n\n<div id=\"wp-block-themeisle-blocks-advanced-columns-4439e308\" class=\"wp-block-themeisle-blocks-advanced-columns has-6-columns has-desktop-equal-layout has-tablet-threeColumnGrid-layout has-mobile-twoColumnGrid-layout has-vertical-unset business-type-blocks\"><div class=\"wp-block-themeisle-blocks-advanced-columns-overlay\"><\/div><div class=\"innerblocks-wrap\">\n<div id=\"wp-block-themeisle-blocks-advanced-column-4c66224f\" class=\"wp-block-themeisle-blocks-advanced-column\"><div class=\"wp-block-image is-style-default\">\n<figure class=\"aligncenter size-full\"><img decoding=\"async\" src=\"https:\/\/admit-one.co.uk\/wp-content\/uploads\/2023\\01\/independent_result.webp\" alt=\"Unabh\u00e4ngige Kinos\" class=\"wp-image-11843\"\/><\/figure><\/div>\n\n\n<h6 class=\"has-text-align-center wp-block-heading\">Unabh\u00e4ngige Kinos<\/h6>\n<\/div>\n\n\n\n<div id=\"wp-block-themeisle-blocks-advanced-column-77be5daf\" class=\"wp-block-themeisle-blocks-advanced-column\"><div class=\"wp-block-image is-style-default\">\n<figure class=\"aligncenter size-full\"><img decoding=\"async\" src=\"https:\/\/admit-one.co.uk\/wp-content\/uploads\/2023\\01\/boutique_result.webp\" alt=\"Boutique-Kinos\" class=\"wp-image-11847\"\/><\/figure><\/div>\n\n\n<h6 class=\"has-text-align-center wp-block-heading\">Boutique-Kinos<\/h6>\n<\/div>\n\n\n\n<div id=\"wp-block-themeisle-blocks-advanced-column-5c36570a\" class=\"wp-block-themeisle-blocks-advanced-column\"><div class=\"wp-block-image is-style-default\">\n<figure class=\"aligncenter size-full\"><img decoding=\"async\" src=\"https:\/\/admit-one.co.uk\/wp-content\/uploads\/2023\\01\/group-chain_result.webp\" alt=\"Gruppe von Kinoketten\" class=\"wp-image-11844\"\/><\/figure><\/div>\n\n\n<h6 class=\"has-text-align-center wp-block-heading\">Kinos mit mehreren Standorten<\/h6>\n<\/div>\n\n\n\n<div id=\"wp-block-themeisle-blocks-advanced-column-c5d62d82\" class=\"wp-block-themeisle-blocks-advanced-column\"><div class=\"wp-block-image is-style-default\">\n<figure class=\"aligncenter size-full\"><img decoding=\"async\" src=\"https:\/\/admit-one.co.uk\/wp-content\/uploads\/2023\\01\/enterprise-chain_result.webp\" alt=\"Unternehmenskinoketten\" class=\"wp-image-11848\"\/><\/figure><\/div>\n\n\n<h6 class=\"has-text-align-center wp-block-heading\">Unternehmenskinos<\/h6>\n<\/div>\n\n\n\n<div id=\"wp-block-themeisle-blocks-advanced-column-81df5e61\" class=\"wp-block-themeisle-blocks-advanced-column\"><div class=\"wp-block-image is-style-default\">\n<figure class=\"aligncenter size-full\"><img decoding=\"async\" src=\"https:\/\/admit-one.co.uk\/wp-content\/uploads\/2023\\01\/multipurpose_result.webp\" alt=\"Mehrzweck-Veranstaltungsorte\" class=\"wp-image-11845\"\/><\/figure><\/div>\n\n\n<h6 class=\"has-text-align-center wp-block-heading\">Mehrzweck-Veranstaltungsorte<\/h6>\n<\/div>\n\n\n\n<div id=\"wp-block-themeisle-blocks-advanced-column-6a9e837a\" class=\"wp-block-themeisle-blocks-advanced-column\"><div class=\"wp-block-image is-style-default\">\n<figure class=\"aligncenter size-full\"><img decoding=\"async\" src=\"https:\/\/admit-one.co.uk\/wp-content\/uploads\/2023\\01\/tourism_result.webp\" alt=\"Tourismus \/ Besucherzentren\" class=\"wp-image-11846\"\/><\/figure><\/div>\n\n\n<h6 class=\"has-text-align-center wp-block-heading\">Tourismus \/ Besucherzentren<\/h6>\n<\/div>\n<\/div><\/div>\n\n\n\n<div id=\"wp-block-themeisle-blocks-advanced-columns-01c14de9\" class=\"wp-block-themeisle-blocks-advanced-columns has-2-columns has-desktop-equal-layout has-tablet-collapsedRows-layout has-mobile-collapsedRows-layout has-vertical-unset call-to-action has-dark-bg\"><div class=\"wp-block-themeisle-blocks-advanced-columns-overlay\"><\/div><div class=\"innerblocks-wrap\">\n<div id=\"wp-block-themeisle-blocks-advanced-column-aed9b021\" class=\"wp-block-themeisle-blocks-advanced-column\">\n<h2 class=\"wp-block-heading has-nv-site-bg-color has-text-color\">Sind Sie bereit f\u00fcr kontaktloses, problemloses Bestellen?<\/h2>\n\n\n\n<p class=\"has-nv-site-bg-color has-text-color\">Lass uns anfangen&nbsp;<i class=\"icon-forward\"><\/i><\/p>\n<\/div>\n\n\n\n<div id=\"wp-block-themeisle-blocks-advanced-column-01e8791e\" class=\"wp-block-themeisle-blocks-advanced-column column-right\">\n<h4 class=\"wp-block-heading has-neve-text-color-color has-text-color\">Mit A1 Shop ist es einfacher denn je, Speisen und Getr\u00e4nke an Ihren Veranstaltungsorten zu bestellen<\/h4>\n\n\n\n<p class=\"has-nv-dark-bg-color has-text-color\">Ob einfache Popcorn- und Getr\u00e4nkekombinationen, Fast-Food-Snacks oder zwangloses Essen vor Ort, unsere neuesten <strong>A1-Shop<\/strong> Mit der Version k\u00f6nnen Sie Ihren Prozessablauf ganz einfach so einrichten, dass er Click &amp; Collect in Ihrer Lobby, Essen am Platz in Ihrem Theater oder einen kompletten Tisch-Lieferservice in einem Restaurant unterst\u00fctzt.<\/p>\n\n\n\n<ul class=\"a1_tick-list has-neve-text-color-color has-text-color\">\n<li>Klicken &amp; Sammeln<\/li>\n\n\n\n<li>Essen am Sitzplatz<\/li>\n\n\n\n<li>Tischbestellung<\/li>\n<\/ul>\n\n\n\n<div id=\"wp-block-themeisle-blocks-button-group-5e1b0e52\" class=\"wp-block-themeisle-blocks-button-group wp-block-buttons\">\n<div id=\"wp-block-themeisle-blocks-button-bdaccee1\" class=\"wp-block-themeisle-blocks-button wp-block-button is-style-primary\"><a href=\"mailto:info@admit-one.eu?subject=Book a meeting&amp;body=Hello, \n\nPlease can I arrange a meeting with Admit One at CineEurope 2024.\n\nthank you\n\n\" target=\"_self\" rel=\"noopener noreferrer\" class=\"wp-block-button__link\"><span>Lass uns reden<\/span><\/a><\/div>\n<\/div>\n<\/div>\n<\/div><\/div>\n\n\n\n<div id=\"wp-block-themeisle-blocks-advanced-columns-a89c600f\" class=\"wp-block-themeisle-blocks-advanced-columns alignfull has-1-columns has-desktop-equal-layout has-tablet-equal-layout has-mobile-equal-layout has-vertical-unset has-dark-bg\"><div class=\"wp-block-themeisle-blocks-advanced-columns-overlay\"><\/div><div class=\"innerblocks-wrap\">\n<div id=\"wp-block-themeisle-blocks-advanced-column-1b822d55\" class=\"wp-block-themeisle-blocks-advanced-column\">\n<h2 class=\"has-text-align-center wp-block-heading\"><strong>Bereit anzufangen?<\/strong><\/h2>\n\n\n\n<p class=\"has-text-align-center has-nv-text-dark-bg-color has-text-color\">Wir w\u00fcrden gerne mehr dar\u00fcber erfahren, wie wir Ihnen und Ihrem Unternehmen helfen k\u00f6nnen.<\/p>\n\n\n\n<p class=\"has-text-align-center has-nv-text-dark-bg-color has-text-color\">Um ein Treffen mit uns bei CineEurope zu vereinbaren, folgen Sie dem unten stehenden Link.<\/p>\n\n\n\n<div id=\"wp-block-themeisle-blocks-button-group-81bc4e7b\" class=\"wp-block-themeisle-blocks-button-group wp-block-buttons align-center-desktop\">\n<div id=\"wp-block-themeisle-blocks-button-867db6a4\" class=\"wp-block-themeisle-blocks-button wp-block-button  is-style-outline\"><a href=\"mailto:info@admit-one.eu?subject=Book a meeting&amp;body=Hello, \n\nPlease can I arrange a meeting with Admit One at CineEurope 2024.\n\nthank you\n\n\" target=\"_self\" rel=\"noopener noreferrer\" class=\"wp-block-button__link\"><span>Buchen Sie ein Treffen<\/span><\/a><\/div>\n<\/div>\n<\/div>\n<\/div><\/div>","protected":false},"excerpt":{"rendered":"","protected":false},"author":1,"featured_media":0,"parent":0,"menu_order":0,"comment_status":"closed","ping_status":"closed","template":"","meta":{"om_disable_all_campaigns":false,"_uag_custom_page_level_css":"","_mi_skip_tracking":false,"neve_meta_sidebar":"","neve_meta_container":"full-width","neve_meta_enable_content_width":"","neve_meta_content_width":0,"neve_meta_title_alignment":"","neve_meta_author_avatar":"","neve_post_elements_order":"","neve_meta_disable_header":"","neve_meta_disable_footer":"","neve_meta_disable_title":"on","neve_meta_reading_time":"","_themeisle_gutenberg_block_has_review":false},"categories":[5],"tags":[],"folder":[101],"aioseo_notices":[],"uagb_featured_image_src":{"full":false,"thumbnail":false,"medium":false,"medium_large":false,"large":false,"1536x1536":false,"2048x2048":false,"trp-custom-language-flag":false,"neve-blog":false,"xl":false,"xxl":false,"xxxl":false,"xxxxl":false,"xxxxxl":false},"uagb_author_info":{"display_name":"James Gibson","author_link":"https:\/\/admit-one.net\/de\/blog\/author\/james-gibson\/"},"uagb_comment_info":0,"uagb_excerpt":null,"_links":{"self":[{"href":"https:\/\/admit-one.net\/de\/wp-json\/wp\/v2\/pages\/12804"}],"collection":[{"href":"https:\/\/admit-one.net\/de\/wp-json\/wp\/v2\/pages"}],"about":[{"href":"https:\/\/admit-one.net\/de\/wp-json\/wp\/v2\/types\/page"}],"author":[{"embeddable":true,"href":"https:\/\/admit-one.net\/de\/wp-json\/wp\/v2\/users\/1"}],"replies":[{"embeddable":true,"href":"https:\/\/admit-one.net\/de\/wp-json\/wp\/v2\/comments?post=12804"}],"version-history":[{"count":43,"href":"https:\/\/admit-one.net\/de\/wp-json\/wp\/v2\/pages\/12804\/revisions"}],"predecessor-version":[{"id":15543,"href":"https:\/\/admit-one.net\/de\/wp-json\/wp\/v2\/pages\/12804\/revisions\/15543"}],"wp:attachment":[{"href":"https:\/\/admit-one.net\/de\/wp-json\/wp\/v2\/media?parent=12804"}],"wp:term":[{"taxonomy":"category","embeddable":true,"href":"https:\/\/admit-one.net\/de\/wp-json\/wp\/v2\/categories?post=12804"},{"taxonomy":"post_tag","embeddable":true,"href":"https:\/\/admit-one.net\/de\/wp-json\/wp\/v2\/tags?post=12804"},{"taxonomy":"folder","embeddable":true,"href":"https:\/\/admit-one.net\/de\/wp-json\/wp\/v2\/folder?post=12804"}],"curies":[{"name":"wp","href":"https:\/\/api.w.org\/{rel}","templated":true}]}}